{"id":17,"date":"2025-10-04T09:36:12","date_gmt":"2025-10-04T07:36:12","guid":{"rendered":"https:\/\/redactriceweb.com\/?page_id=17"},"modified":"2025-10-05T16:23:50","modified_gmt":"2025-10-05T14:23:50","slug":"accueil","status":"publish","type":"page","link":"https:\/\/redactriceweb.com\/","title":{"rendered":"Accueil"},"content":{"rendered":"\t\t<div data-elementor-type=\"wp-page\" data-elementor-id=\"17\" class=\"elementor elementor-17\">\n\t\t\t\t<div class=\"elementor-element elementor-element-223ad212 e-flex e-con-boxed e-con e-parent\" data-id=\"223ad212\" data-element_type=\"container\">\n\t\t\t\t\t<div class=\"e-con-inner\">\n\t\t\t\t<div class=\"elementor-element elementor-element-35382695 elementor-widget elementor-widget-text-editor\" data-id=\"35382695\" data-element_type=\"widget\" data-widget_type=\"text-editor.default\">\n\t\t\t\t\t\t\t\t\t\n<div class=\"wp-block-cover alignfull has-white-background-color has-background-dim hestia-clear-top-padding\">\n<div class=\"wp-block-cover__inner-container is-layout-flow wp-block-cover-is-layout-flow\">\n<h1 class=\"has-text-align-center has-text-color wp-block-heading\" style=\"color: #3c4858;\">Nos Valeurs<\/h1>\n<div class=\"wp-block-columns container\">\n<div class=\"wp-block-column\">\n<h5 class=\"has-text-align-center has-text-color wp-block-heading\" style=\"color: #3c4858; font-size: 18px;\"><img decoding=\"async\" src=\"https:\/\/encrypted-tbn0.gstatic.com\/images?q=tbn:ANd9GcRyjRX4Q8uxulfK0OONpXpMMZPh-bR2Fog9pg&amp;s\" alt=\"Professionnalisme - Ic\u00f4nes mode gratuites\" width=\"59\" height=\"59\" class=\"\" \/><\/h5>\n<h5><\/h5>\n<h5 class=\"has-text-align-center has-text-color\" style=\"color: #3c4858; font-size: 18px;\">Professionnalisme<\/h5>\n<p><\/p>\n\n<p class=\"has-text-align-center has-text-color\" style=\"color: #999999; font-size: 14px;\">Nous garantissons un travail rigoureux, pr\u00e9cis et conforme aux normes comptables en vigueur.<\/p>\n\n<div style=\"height: 25px;\" aria-hidden=\"true\" class=\"wp-block-spacer\"><\/div>\n<\/div>\n\n<div class=\"wp-block-image is-layout-flow wp-block-column-is-layout-flow\"><\/div>\n<div class=\"wp-block-column\">\n<h5 class=\"has-text-align-center has-text-color\" style=\"color: #3c4858; font-size: 18px;\"><img decoding=\"async\" src=\"https:\/\/cdn-icons-png.flaticon.com\/512\/3401\/3401476.png\" alt=\"Transparence - Ic\u00f4nes fichiers et dossiers gratuites\" width=\"59\" height=\"59\" class=\"\" \/><\/h5>\n<h5><\/h5>\n<h5><\/h5>\n<h5 class=\"has-text-align-center has-text-color\" style=\"color: #3c4858; font-size: 18px;\">Transparence<\/h5>\n<p><\/p>\n<p class=\"has-text-align-center has-text-color\" style=\"color: #999999; font-size: 14px;\">Chaque mission est men\u00e9e avec clart\u00e9 et honn\u00eatet\u00e9, pour instaurer une confiance durable avec nos clients.<\/p>\n<\/div>\n<div style=\"height: 25px;\" aria-hidden=\"true\" class=\"wp-block-spacer\"><\/div>\n\n<div class=\"wp-block-column is-layout-flow wp-block-column-is-layout-flow\">\n<div class=\"wp-block-image\">\n<figure class=\"aligncenter size-large\"><img decoding=\"async\" src=\"https:\/\/encrypted-tbn0.gstatic.com\/images?q=tbn:ANd9GcTLbG4Qafvq-Nw3rOYtgpBBLwPLwuiVbhOnuw&amp;s\" alt=\"Proximit\u00e9 Client | Rennes\" width=\"61\" height=\"61\" class=\"\" \/><\/figure>\n<\/div>\n\n<h5 class=\"wp-block-heading\"><\/h5>\n<h5><\/h5>\n<h5><\/h5>\n<h5><\/h5>\n<h5 class=\"has-text-align-center has-text-color\" style=\"color: #3c4858; font-size: 18px;\">Proximit\u00e9<\/h5>\n<p class=\"has-text-align-center has-text-color\" style=\"color: #999999; font-size: 14px;\">Chaque mission est men\u00e9e avec clart\u00e9 et honn\u00eatet\u00e9, pour instaurer une confiance durable avec nos clients.<\/p>\n<\/div>\n<\/div>\n<!-- \/wp:columns --><!-- wp:spacer {\"height\":40} -->\n<div style=\"height: 40px;\" aria-hidden=\"true\" class=\"wp-block-spacer\"><\/div>\n<!-- \/wp:spacer --><\/div>\n<\/div>\n<!-- \/wp:cover --><!-- wp:columns {\"className\":\"container\"} -->\n<div class=\"wp-block-columns container\"><!-- wp:column {\"className\":\"col-md-5\"} -->\n<div class=\"wp-block-column col-md-5\"><!-- wp:spacer {\"height\":55} -->\n<div style=\"height: 55px;\" aria-hidden=\"true\" class=\"wp-block-spacer\"><\/div>\n<!-- \/wp:spacer --><!-- wp:heading -->\n<h2>A propos de MF Consulting<\/h2>\n<!-- \/wp:heading --><!-- wp:paragraph -->\n<p>Je suis comptable freelance, passionn\u00e9 par l\u2019accompagnement des entrepreneurs, ind\u00e9pendants et petites entreprises dans la gestion de leur comptabilit\u00e9. Mon objectif est de simplifier vos d\u00e9marches financi\u00e8res tout en vous garantissant un suivi rigoureux et conforme aux obligations l\u00e9gales..<\/p>\n<!-- \/wp:paragraph --><\/div>\n<!-- \/wp:column --><!-- wp:column {\"className\":\"col-md-6 col-md-offset1\"} -->\n<div class=\"wp-block-column col-md-6 col-md-offset1\"><!-- wp:spacer {\"height\":55} -->\n<div style=\"height: 55px;\" aria-hidden=\"true\" class=\"wp-block-spacer\"><\/div>\n<!-- \/wp:spacer --><!-- wp:image {\"id\":81,\"sizeSlug\":\"large\",\"linkDestination\":\"none\"} -->\n<figure class=\"wp-block-image size-large\">\u00a0 \u00a0 \u00a0 \u00a0 \u00a0 \u00a0 \u00a0 \u00a0 \u00a0 \u00a0 \u00a0 \u00a0 \u00a0 \u00a0 \u00a0 \u00a0 \u00a0 \u00a0 \u00a0 \u00a0 \u00a0 \u00a0 \u00a0 \u00a0 \u00a0 \u00a0 \u00a0 \u00a0 \u00a0 \u00a0 \u00a0 \u00a0 \u00a0 \u00a0 \u00a0 \u00a0 \u00a0 \u00a0 \u00a0 \u00a0 \u00a0<\/figure>\n<figure class=\"wp-block-image size-large\">\u00a0 \u00a0 \u00a0 \u00a0 \u00a0 \u00a0 \u00a0 \u00a0 \u00a0 \u00a0 \u00a0 \u00a0 \u00a0 \u00a0 \u00a0 \u00a0 \u00a0 \u00a0 \u00a0 \u00a0 \u00a0 \u00a0 \u00a0 \u00a0 \u00a0 \u00a0 \u00a0 \u00a0 \u00a0 \u00a0 \u00a0 \u00a0 \u00a0 \u00a0 \u00a0 \u00a0 \u00a0 \u00a0 \u00a0 \u00a0 \u00a0 \u00a0 \u00a0 \u00a0 \u00a0 \u00a0 \u00a0<img loading=\"lazy\" decoding=\"async\" src=\"https:\/\/cdn-icons-png.flaticon.com\/512\/3356\/3356179.png\" alt=\"\u00c0 propos - Ic\u00f4nes ui gratuites\" width=\"111\" height=\"111\" class=\"\" \/><\/figure>\n<!-- \/wp:image --><!-- wp:paragraph -->\n<p><\/p>\n<!-- \/wp:paragraph --><\/div>\n<!-- \/wp:column --><\/div>\n<!-- \/wp:columns -->\t\t\t\t\t\t\t\t<\/div>\n\t\t\t\t\t<\/div>\n\t\t\t\t<\/div>\n\t\t\t\t<\/div>\n\t\t","protected":false},"excerpt":{"rendered":"<p>Transparence Chaque mission est men\u00e9e avec clart\u00e9 et honn\u00eatet\u00e9, pour instaurer une confiance durable avec nos clients. Proximit\u00e9 Chaque mission est men\u00e9e avec clart\u00e9 et honn\u00eatet\u00e9, pour instaurer une confiance durable avec nos clients. A propos de MF Consulting Je suis comptable freelance, passionn\u00e9 par l\u2019accompagnement des entrepreneurs, ind\u00e9pendants et petites entreprises dans la gestion&hellip;&nbsp;<a href=\"https:\/\/redactriceweb.com\/\" rel=\"bookmark\"><span class=\"screen-reader-text\">Accueil<\/span><\/a><\/p>\n","protected":false},"author":1,"featured_media":84,"parent":0,"menu_order":0,"comment_status":"closed","ping_status":"closed","template":"","meta":{"neve_meta_sidebar":"","neve_meta_container":"","neve_meta_enable_content_width":"","neve_meta_content_width":0,"neve_meta_title_alignment":"","neve_meta_author_avatar":"","neve_post_elements_order":"","neve_meta_disable_header":"","neve_meta_disable_footer":"","neve_meta_disable_title":"","footnotes":""},"class_list":["post-17","page","type-page","status-publish","has-post-thumbnail","hentry"],"_links":{"self":[{"href":"https:\/\/redactriceweb.com\/index.php?rest_route=\/wp\/v2\/pages\/17","targetHints":{"allow":["GET"]}}],"collection":[{"href":"https:\/\/redactriceweb.com\/index.php?rest_route=\/wp\/v2\/pages"}],"about":[{"href":"https:\/\/redactriceweb.com\/index.php?rest_route=\/wp\/v2\/types\/page"}],"author":[{"embeddable":true,"href":"https:\/\/redactriceweb.com\/index.php?rest_route=\/wp\/v2\/users\/1"}],"replies":[{"embeddable":true,"href":"https:\/\/redactriceweb.com\/index.php?rest_route=%2Fwp%2Fv2%2Fcomments&post=17"}],"version-history":[{"count":35,"href":"https:\/\/redactriceweb.com\/index.php?rest_route=\/wp\/v2\/pages\/17\/revisions"}],"predecessor-version":[{"id":198,"href":"https:\/\/redactriceweb.com\/index.php?rest_route=\/wp\/v2\/pages\/17\/revisions\/198"}],"wp:featuredmedia":[{"embeddable":true,"href":"https:\/\/redactriceweb.com\/index.php?rest_route=\/wp\/v2\/media\/84"}],"wp:attachment":[{"href":"https:\/\/redactriceweb.com\/index.php?rest_route=%2Fwp%2Fv2%2Fmedia&parent=17"}],"curies":[{"name":"wp","href":"https:\/\/api.w.org\/{rel}","templated":true}]}}