{"id":68,"date":"2025-10-04T10:32:37","date_gmt":"2025-10-04T08:32:37","guid":{"rendered":"https:\/\/redactriceweb.com\/?page_id=68"},"modified":"2025-10-11T18:58:30","modified_gmt":"2025-10-11T16:58:30","slug":"nos-services","status":"publish","type":"page","link":"https:\/\/redactriceweb.com\/?page_id=68","title":{"rendered":"NOS SERVICES"},"content":{"rendered":"\t\t<div data-elementor-type=\"wp-page\" data-elementor-id=\"68\" class=\"elementor elementor-68\">\n\t\t\t\t<div class=\"elementor-element elementor-element-4d2a842 e-flex e-con-boxed e-con e-parent\" data-id=\"4d2a842\" data-element_type=\"container\">\n\t\t\t\t\t<div class=\"e-con-inner\">\n\t\t\t\t\t<\/div>\n\t\t\t\t<\/div>\n\t\t<div class=\"elementor-element elementor-element-0ec5a90 e-flex e-con-boxed e-con e-parent\" data-id=\"0ec5a90\" data-element_type=\"container\">\n\t\t\t\t\t<div class=\"e-con-inner\">\n\t\t<div class=\"elementor-element elementor-element-557e734 e-con-full e-flex e-con e-child\" data-id=\"557e734\" data-element_type=\"container\">\n\t\t\t\t<div class=\"elementor-element elementor-element-b47bbc5 elementor-invisible elementor-widget elementor-widget-image\" data-id=\"b47bbc5\" data-element_type=\"widget\" data-settings=\"{&quot;_animation&quot;:&quot;fadeInLeft&quot;}\" data-widget_type=\"image.default\">\n\t\t\t\t\t\t\t\t\t\t\t\t\t\t\t<img fetchpriority=\"high\" decoding=\"async\" width=\"300\" height=\"300\" src=\"https:\/\/redactriceweb.com\/wp-content\/uploads\/2025\/10\/Design-sans-titre-6.png\" class=\"attachment-medium size-medium wp-image-165\" alt=\"\" srcset=\"https:\/\/redactriceweb.com\/wp-content\/uploads\/2025\/10\/Design-sans-titre-6.png 300w, https:\/\/redactriceweb.com\/wp-content\/uploads\/2025\/10\/Design-sans-titre-6-150x150.png 150w\" sizes=\"(max-width: 300px) 100vw, 300px\" \/>\t\t\t\t\t\t\t\t\t\t\t\t\t\t\t<\/div>\n\t\t\t\t<\/div>\n\t\t<div class=\"elementor-element elementor-element-ad5245e e-con-full e-flex e-con e-child\" data-id=\"ad5245e\" data-element_type=\"container\">\n\t\t<div class=\"elementor-element elementor-element-d04e105 e-con-full e-flex e-con e-child\" data-id=\"d04e105\" data-element_type=\"container\">\n\t\t\t\t<div class=\"elementor-element elementor-element-5e9c425 elementor-widget elementor-widget-heading\" data-id=\"5e9c425\" data-element_type=\"widget\" data-widget_type=\"heading.default\">\n\t\t\t\t\t<h3 class=\"elementor-heading-title elementor-size-default\">Tenue &amp;  Gestion de la comptabilit\u00e9<\/h3>\t\t\t\t<\/div>\n\t\t\t\t<\/div>\n\t\t<div class=\"elementor-element elementor-element-48d0406 e-con-full e-flex e-con e-child\" data-id=\"48d0406\" data-element_type=\"container\">\n\t\t\t\t<div class=\"elementor-element elementor-element-ab17c4d elementor-widget elementor-widget-text-editor\" data-id=\"ab17c4d\" data-element_type=\"widget\" data-widget_type=\"text-editor.default\">\n\t\t\t\t\t\t\t\t\t<ul><li data-start=\"146\" data-end=\"241\">Saisie des op\u00e9rations comptables<\/li><li data-start=\"146\" data-end=\"241\">Rapprochements bancaires\u00a0<\/li><li data-start=\"146\" data-end=\"241\">Suivi des comptes au quotidien.<\/li><\/ul>\t\t\t\t\t\t\t\t<\/div>\n\t\t\t\t<\/div>\n\t\t\t\t<\/div>\n\t\t\t\t\t<\/div>\n\t\t\t\t<\/div>\n\t\t<div class=\"elementor-element elementor-element-aa4d847 e-flex e-con-boxed e-con e-parent\" data-id=\"aa4d847\" data-element_type=\"container\">\n\t\t\t\t\t<div class=\"e-con-inner\">\n\t\t<div class=\"elementor-element elementor-element-2aab12d e-con-full e-flex e-con e-child\" data-id=\"2aab12d\" data-element_type=\"container\">\n\t\t\t\t<div class=\"elementor-element elementor-element-fd86995 elementor-invisible elementor-widget elementor-widget-image\" data-id=\"fd86995\" data-element_type=\"widget\" data-settings=\"{&quot;_animation&quot;:&quot;zoomInUp&quot;}\" data-widget_type=\"image.default\">\n\t\t\t\t\t\t\t\t\t\t\t\t\t\t\t<img decoding=\"async\" width=\"300\" height=\"300\" src=\"https:\/\/redactriceweb.com\/wp-content\/uploads\/2025\/10\/jeune-femme-bureau-paperasserie-devant-ordinateur-portable-300x300.jpg\" class=\"attachment-medium size-medium wp-image-84\" alt=\"\" srcset=\"https:\/\/redactriceweb.com\/wp-content\/uploads\/2025\/10\/jeune-femme-bureau-paperasserie-devant-ordinateur-portable-300x300.jpg 300w, https:\/\/redactriceweb.com\/wp-content\/uploads\/2025\/10\/jeune-femme-bureau-paperasserie-devant-ordinateur-portable-1024x1024.jpg 1024w, https:\/\/redactriceweb.com\/wp-content\/uploads\/2025\/10\/jeune-femme-bureau-paperasserie-devant-ordinateur-portable-150x150.jpg 150w, https:\/\/redactriceweb.com\/wp-content\/uploads\/2025\/10\/jeune-femme-bureau-paperasserie-devant-ordinateur-portable-768x768.jpg 768w, https:\/\/redactriceweb.com\/wp-content\/uploads\/2025\/10\/jeune-femme-bureau-paperasserie-devant-ordinateur-portable-1536x1536.jpg 1536w, https:\/\/redactriceweb.com\/wp-content\/uploads\/2025\/10\/jeune-femme-bureau-paperasserie-devant-ordinateur-portable-2048x2048.jpg 2048w\" sizes=\"(max-width: 300px) 100vw, 300px\" \/>\t\t\t\t\t\t\t\t\t\t\t\t\t\t\t<\/div>\n\t\t\t\t<\/div>\n\t\t<div class=\"elementor-element elementor-element-169c452 e-con-full e-flex e-con e-child\" data-id=\"169c452\" data-element_type=\"container\">\n\t\t<div class=\"elementor-element elementor-element-ba95db0 e-con-full e-flex e-con e-child\" data-id=\"ba95db0\" data-element_type=\"container\">\n\t\t\t\t<div class=\"elementor-element elementor-element-b931935 elementor-widget elementor-widget-heading\" data-id=\"b931935\" data-element_type=\"widget\" data-widget_type=\"heading.default\">\n\t\t\t\t\t<h3 class=\"elementor-heading-title elementor-size-default\">\u00c9tablissement des d\u00e9clarations fiscales et sociales<\/h3>\t\t\t\t<\/div>\n\t\t\t\t<div class=\"elementor-element elementor-element-d3c3eba elementor-widget elementor-widget-text-editor\" data-id=\"d3c3eba\" data-element_type=\"widget\" data-widget_type=\"text-editor.default\">\n\t\t\t\t\t\t\t\t\t<ul><li>TVA<\/li><li>Bilan &amp; liasse fiscale<\/li><li>D\u00e9clarations URSSAF, et autres obligations administratives.<\/li><\/ul>\t\t\t\t\t\t\t\t<\/div>\n\t\t\t\t<\/div>\n\t\t\t\t<\/div>\n\t\t\t\t\t<\/div>\n\t\t\t\t<\/div>\n\t\t<div class=\"elementor-element elementor-element-aab7e7d e-con-full e-flex e-con e-parent\" data-id=\"aab7e7d\" data-element_type=\"container\">\n\t\t\t\t<div class=\"elementor-element elementor-element-b579529 elementor-widget__width-initial elementor-widget elementor-widget-heading\" data-id=\"b579529\" data-element_type=\"widget\" data-widget_type=\"heading.default\">\n\t\t\t\t\t<h2 class=\"elementor-heading-title elementor-size-default\">Cr\u00e9ation et accompagnement d\u2019entreprise<\/h2>\t\t\t\t<\/div>\n\t\t<div class=\"elementor-element elementor-element-8d2736f e-con-full e-flex e-con e-child\" data-id=\"8d2736f\" data-element_type=\"container\">\n\t\t\t\t<div class=\"elementor-element elementor-element-b926de6 elementor-invisible elementor-widget elementor-widget-image\" data-id=\"b926de6\" data-element_type=\"widget\" data-settings=\"{&quot;_animation&quot;:&quot;zoomInDown&quot;}\" data-widget_type=\"image.default\">\n\t\t\t\t\t\t\t\t\t\t\t\t\t\t\t<img decoding=\"async\" width=\"300\" height=\"300\" src=\"https:\/\/redactriceweb.com\/wp-content\/uploads\/2025\/10\/Design-sans-titre-5-1.png\" class=\"attachment-medium size-medium wp-image-168\" alt=\"\" srcset=\"https:\/\/redactriceweb.com\/wp-content\/uploads\/2025\/10\/Design-sans-titre-5-1.png 300w, https:\/\/redactriceweb.com\/wp-content\/uploads\/2025\/10\/Design-sans-titre-5-1-150x150.png 150w\" sizes=\"(max-width: 300px) 100vw, 300px\" \/>\t\t\t\t\t\t\t\t\t\t\t\t\t\t\t<\/div>\n\t\t\t\t<\/div>\n\t\t\t\t<div class=\"elementor-element elementor-element-14692e1 elementor-widget__width-initial elementor-widget elementor-widget-text-editor\" data-id=\"14692e1\" data-element_type=\"widget\" data-widget_type=\"text-editor.default\">\n\t\t\t\t\t\t\t\t\t<div><\/div><ul><li>Aide au choix du statut juridique<\/li><li>Mise en place du plan comptable\u00a0<\/li><li>Accompagnement d\u00e8s le d\u00e9marrage.<\/li><\/ul>\t\t\t\t\t\t\t\t<\/div>\n\t\t<div class=\"elementor-element elementor-element-6f4426b e-con-full e-flex e-con e-child\" data-id=\"6f4426b\" data-element_type=\"container\">\n\t\t\t\t<div class=\"elementor-element elementor-element-89e1182 elementor-widget elementor-widget-heading\" data-id=\"89e1182\" data-element_type=\"widget\" data-widget_type=\"heading.default\">\n\t\t\t\t\t<h2 class=\"elementor-heading-title elementor-size-default\">Conseil en gestion et optimisation financi\u00e8re<\/h2>\t\t\t\t<\/div>\n\t\t\t\t<\/div>\n\t\t\t\t<div class=\"elementor-element elementor-element-fd52293 elementor-widget__width-initial elementor-invisible elementor-widget elementor-widget-image\" data-id=\"fd52293\" data-element_type=\"widget\" data-settings=\"{&quot;_animation&quot;:&quot;zoomInUp&quot;}\" data-widget_type=\"image.default\">\n\t\t\t\t\t\t\t\t\t\t\t\t\t\t\t<img loading=\"lazy\" decoding=\"async\" width=\"300\" height=\"300\" src=\"https:\/\/redactriceweb.com\/wp-content\/uploads\/2025\/10\/Design-sans-titre-6-1.png\" class=\"attachment-medium size-medium wp-image-169\" alt=\"\" srcset=\"https:\/\/redactriceweb.com\/wp-content\/uploads\/2025\/10\/Design-sans-titre-6-1.png 300w, https:\/\/redactriceweb.com\/wp-content\/uploads\/2025\/10\/Design-sans-titre-6-1-150x150.png 150w\" sizes=\"(max-width: 300px) 100vw, 300px\" \/>\t\t\t\t\t\t\t\t\t\t\t\t\t\t\t<\/div>\n\t\t\t\t<div class=\"elementor-element elementor-element-2ce20ad elementor-widget__width-initial elementor-widget elementor-widget-text-editor\" data-id=\"2ce20ad\" data-element_type=\"widget\" data-widget_type=\"text-editor.default\">\n\t\t\t\t\t\t\t\t\t<ul><li>Aide \u00e0 la prise de d\u00e9cision<\/li><li>Analyse de rentabilit\u00e9<\/li><li>Accompagnement dans la gestion de tr\u00e9sorerie<\/li><\/ul>\t\t\t\t\t\t\t\t<\/div>\n\t\t\t\t<\/div>\n\t\t<div class=\"elementor-element elementor-element-0803055 e-flex e-con-boxed e-con e-parent\" data-id=\"0803055\" data-element_type=\"container\">\n\t\t\t\t\t<div class=\"e-con-inner\">\n\t\t<div class=\"elementor-element elementor-element-9824a30 e-con-full e-flex e-con e-child\" data-id=\"9824a30\" data-element_type=\"container\">\n\t\t\t\t<div class=\"elementor-element elementor-element-3c46b73 elementor-widget__width-initial elementor-widget elementor-widget-heading\" data-id=\"3c46b73\" data-element_type=\"widget\" data-widget_type=\"heading.default\">\n\t\t\t\t\t<h2 class=\"elementor-heading-title elementor-size-default\">Tableaux de bord et reporting personnalis\u00e9<\/h2>\t\t\t\t<\/div>\n\t\t\t\t<\/div>\n\t\t<div class=\"elementor-element elementor-element-ebe84ef e-con-full e-flex e-con e-child\" data-id=\"ebe84ef\" data-element_type=\"container\">\n\t\t\t\t<div class=\"elementor-element elementor-element-1882871 elementor-widget__width-initial elementor-widget elementor-widget-text-editor\" data-id=\"1882871\" data-element_type=\"widget\" data-widget_type=\"text-editor.default\">\n\t\t\t\t\t\t\t\t\t<ul><li>Mise en place d\u2019outils de suivi de performance<\/li><li>Pilotage efficace de votre activit\u00e9.<\/li><\/ul>\t\t\t\t\t\t\t\t<\/div>\n\t\t\t\t<\/div>\n\t\t<div class=\"elementor-element elementor-element-8b7e73f e-con-full e-flex e-con e-child\" data-id=\"8b7e73f\" data-element_type=\"container\">\n\t\t\t\t<div class=\"elementor-element elementor-element-a963df9 e-transform elementor-invisible elementor-widget elementor-widget-image\" data-id=\"a963df9\" data-element_type=\"widget\" data-settings=\"{&quot;_animation&quot;:&quot;slideInLeft&quot;,&quot;_transform_scale_effect&quot;:{&quot;unit&quot;:&quot;px&quot;,&quot;size&quot;:1.1000000000000001,&quot;sizes&quot;:[]},&quot;_transform_scale_effect_tablet&quot;:{&quot;unit&quot;:&quot;px&quot;,&quot;size&quot;:&quot;&quot;,&quot;sizes&quot;:[]},&quot;_transform_scale_effect_mobile&quot;:{&quot;unit&quot;:&quot;px&quot;,&quot;size&quot;:&quot;&quot;,&quot;sizes&quot;:[]}}\" data-widget_type=\"image.default\">\n\t\t\t\t\t\t\t\t\t\t\t\t\t\t\t<img loading=\"lazy\" decoding=\"async\" width=\"300\" height=\"300\" src=\"https:\/\/redactriceweb.com\/wp-content\/uploads\/2025\/10\/Design-sans-titre-7.png\" class=\"attachment-medium size-medium wp-image-170\" alt=\"\" srcset=\"https:\/\/redactriceweb.com\/wp-content\/uploads\/2025\/10\/Design-sans-titre-7.png 300w, https:\/\/redactriceweb.com\/wp-content\/uploads\/2025\/10\/Design-sans-titre-7-150x150.png 150w\" sizes=\"(max-width: 300px) 100vw, 300px\" \/>\t\t\t\t\t\t\t\t\t\t\t\t\t\t\t<\/div>\n\t\t\t\t<\/div>\n\t\t\t\t\t<\/div>\n\t\t\t\t<\/div>\n\t\t\t\t<\/div>\n\t\t","protected":false},"excerpt":{"rendered":"<p>Tenue &amp; Gestion de la comptabilit\u00e9 Saisie des op\u00e9rations comptables Rapprochements bancaires\u00a0 Suivi des comptes au quotidien. \u00c9tablissement des d\u00e9clarations fiscales et sociales TVA Bilan &amp; liasse fiscale D\u00e9clarations URSSAF, et autres obligations administratives. Cr\u00e9ation et accompagnement d\u2019entreprise Aide au choix du statut juridique Mise en place du plan comptable\u00a0 Accompagnement d\u00e8s le d\u00e9marrage. Conseil&hellip;&nbsp;<a href=\"https:\/\/redactriceweb.com\/?page_id=68\" rel=\"bookmark\"><span class=\"screen-reader-text\">NOS SERVICES<\/span><\/a><\/p>\n","protected":false},"author":1,"featured_media":0,"parent":0,"menu_order":0,"comment_status":"closed","ping_status":"closed","template":"page-templates\/template-pagebuilder-full-width.php","meta":{"neve_meta_sidebar":"","neve_meta_container":"","neve_meta_enable_content_width":"","neve_meta_content_width":0,"neve_meta_title_alignment":"","neve_meta_author_avatar":"","neve_post_elements_order":"","neve_meta_disable_header":"","neve_meta_disable_footer":"","neve_meta_disable_title":"","footnotes":""},"class_list":["post-68","page","type-page","status-publish","hentry"],"_links":{"self":[{"href":"https:\/\/redactriceweb.com\/index.php?rest_route=\/wp\/v2\/pages\/68","targetHints":{"allow":["GET"]}}],"collection":[{"href":"https:\/\/redactriceweb.com\/index.php?rest_route=\/wp\/v2\/pages"}],"about":[{"href":"https:\/\/redactriceweb.com\/index.php?rest_route=\/wp\/v2\/types\/page"}],"author":[{"embeddable":true,"href":"https:\/\/redactriceweb.com\/index.php?rest_route=\/wp\/v2\/users\/1"}],"replies":[{"embeddable":true,"href":"https:\/\/redactriceweb.com\/index.php?rest_route=%2Fwp%2Fv2%2Fcomments&post=68"}],"version-history":[{"count":20,"href":"https:\/\/redactriceweb.com\/index.php?rest_route=\/wp\/v2\/pages\/68\/revisions"}],"predecessor-version":[{"id":173,"href":"https:\/\/redactriceweb.com\/index.php?rest_route=\/wp\/v2\/pages\/68\/revisions\/173"}],"wp:attachment":[{"href":"https:\/\/redactriceweb.com\/index.php?rest_route=%2Fwp%2Fv2%2Fmedia&parent=68"}],"curies":[{"name":"wp","href":"https:\/\/api.w.org\/{rel}","templated":true}]}}